{"id":223,"date":"2023-09-03T13:41:34","date_gmt":"2023-09-03T11:41:34","guid":{"rendered":"http:\/\/beklabarrefr.local\/?page_id=223"},"modified":"2025-10-15T18:33:33","modified_gmt":"2025-10-15T16:33:33","slug":"contact","status":"publish","type":"page","link":"https:\/\/beklabarre.com\/es\/contact\/","title":{"rendered":"Nous contacter"},"content":{"rendered":"<div data-elementor-type=\"wp-page\" data-elementor-id=\"223\" class=\"elementor elementor-223\" data-elementor-post-type=\"page\">\n\t\t\t\t\t\t<section class=\"elementor-section elementor-top-section elementor-element elementor-element-5af8f102 elementor-section-stretched elementor-section-boxed elementor-section-height-default elementor-section-height-default\" data-id=\"5af8f102\" data-element_type=\"section\" data-settings=\"{&quot;stretch_section&quot;:&quot;section-stretched&quot;,&quot;background_background&quot;:&quot;classic&quot;}\">\n\t\t\t\t\t\t<div class=\"elementor-container elementor-column-gap-default\">\n\t\t\t\t\t<div class=\"elementor-column elementor-col-100 elementor-top-column elementor-element elementor-element-504435c2\" data-id=\"504435c2\" data-element_type=\"column\">\n\t\t\t<div class=\"elementor-widget-wrap elementor-element-populated\">\n\t\t\t\t\t\t<div class=\"elementor-element elementor-element-f4a3ee1 elementor-widget elementor-widget-spacer\" data-id=\"f4a3ee1\" data-element_type=\"widget\" data-widget_type=\"spacer.default\">\n\t\t\t\t<div class=\"elementor-widget-container\">\n\t\t\t\t\t\t\t<div class=\"elementor-spacer\">\n\t\t\t<div class=\"elementor-spacer-inner\"><\/div>\n\t\t<\/div>\n\t\t\t\t\t\t<\/div>\n\t\t\t\t<\/div>\n\t\t\t\t<div class=\"elementor-element elementor-element-67e4c89c elementor-widget elementor-widget-heading\" data-id=\"67e4c89c\" data-element_type=\"widget\" data-widget_type=\"heading.default\">\n\t\t\t\t<div class=\"elementor-widget-container\">\n\t\t\t\t\t<h1 class=\"elementor-heading-title elementor-size-default\">CONTACTO<\/h1>\t\t\t\t<\/div>\n\t\t\t\t<\/div>\n\t\t\t\t<div class=\"elementor-element elementor-element-d3f2b28 elementor-widget elementor-widget-text-editor\" data-id=\"d3f2b28\" data-element_type=\"widget\" data-widget_type=\"text-editor.default\">\n\t\t\t\t<div class=\"elementor-widget-container\">\n\t\t\t\t\t\t\t\t\t<p>Si desea ponerse en contacto con Bek La Barre, rellene el siguiente formulario y escriba su mensaje en el campo correspondiente. Nos pondremos en contacto con usted lo antes posible.<\/p>\t\t\t\t\t\t\t\t<\/div>\n\t\t\t\t<\/div>\n\t\t\t\t<div class=\"elementor-element elementor-element-b8bdce9 elementor-widget elementor-widget-shortcode\" data-id=\"b8bdce9\" data-element_type=\"widget\" data-widget_type=\"shortcode.default\">\n\t\t\t\t<div class=\"elementor-widget-container\">\n\t\t\t\t\t\t\t<div class=\"elementor-shortcode\">\n<div class=\"wpcf7 no-js\" id=\"wpcf7-f295-o1\" lang=\"fr-FR\" dir=\"ltr\" data-wpcf7-id=\"295\">\n<div class=\"screen-reader-response\"><p role=\"status\" aria-live=\"polite\" aria-atomic=\"true\"><\/p> <ul><\/ul><\/div>\n<form action=\"\/es\/wp-json\/wp\/v2\/pages\/223#wpcf7-f295-o1\" method=\"post\" class=\"wpcf7-form init\" aria-label=\"Formulario de contacto\" novalidate=\"novalidate\" data-status=\"init\" data-trp-original-action=\"\/es\/wp-json\/wp\/v2\/pages\/223#wpcf7-f295-o1\">\n<fieldset class=\"hidden-fields-container\"><input type=\"hidden\" name=\"_wpcf7\" value=\"295\" \/><input type=\"hidden\" name=\"_wpcf7_version\" value=\"6.1.2\" \/><input type=\"hidden\" name=\"_wpcf7_locale\" value=\"fr_FR\" \/><input type=\"hidden\" name=\"_wpcf7_unit_tag\" value=\"wpcf7-f295-o1\" \/><input type=\"hidden\" name=\"_wpcf7_container_post\" value=\"0\" \/><input type=\"hidden\" name=\"_wpcf7_posted_data_hash\" value=\"\" \/>\n<\/fieldset>\n<p>Rellene este formulario para ponerse en contacto con nosotros y nos pondremos en contacto con usted lo antes posible.\n<\/p>\n<p><span class=\"wpcf7-form-control-wrap\" data-name=\"your-name\"><input size=\"40\" maxlength=\"400\" class=\"wpcf7-form-control wpcf7-text wpcf7-validates-as-required\" aria-required=\"true\" aria-invalid=\"false\" placeholder=\"Su nombre\" value=\"\" type=\"text\" name=\"your-name\" \/><\/span>\n<\/p>\n<p><span class=\"wpcf7-form-control-wrap\" data-name=\"your-email\"><input size=\"40\" maxlength=\"400\" class=\"wpcf7-form-control wpcf7-email wpcf7-validates-as-required wpcf7-text wpcf7-validates-as-email\" aria-required=\"true\" aria-invalid=\"false\" placeholder=\"Su direcci\u00f3n de correo electr\u00f3nico\" value=\"\" type=\"email\" name=\"your-email\" \/><\/span>\n<\/p>\n<p><span class=\"wpcf7-form-control-wrap\" data-name=\"your-message\"><textarea cols=\"40\" rows=\"10\" maxlength=\"2000\" class=\"wpcf7-form-control wpcf7-textarea\" aria-invalid=\"false\" name=\"your-message\"><\/textarea><\/span>\n<\/p>\n<p><input class=\"wpcf7-form-control wpcf7-submit has-spinner custom-button\" type=\"submit\" value=\"Enviar\" \/>\n<\/p><div class=\"wpcf7-response-output\" aria-hidden=\"true\"><\/div>\n<input type=\"hidden\" name=\"trp-form-language\" value=\"es\"\/><\/form>\n<\/div>\n<\/div>\n\t\t\t\t\t\t<\/div>\n\t\t\t\t<\/div>\n\t\t\t\t<div class=\"elementor-element elementor-element-1fbfddac elementor-widget elementor-widget-spacer\" data-id=\"1fbfddac\" data-element_type=\"widget\" data-widget_type=\"spacer.default\">\n\t\t\t\t<div class=\"elementor-widget-container\">\n\t\t\t\t\t\t\t<div class=\"elementor-spacer\">\n\t\t\t<div class=\"elementor-spacer-inner\"><\/div>\n\t\t<\/div>\n\t\t\t\t\t\t<\/div>\n\t\t\t\t<\/div>\n\t\t\t\t<div class=\"elementor-element elementor-element-265b7fef elementor-widget elementor-widget-menu-anchor\" data-id=\"265b7fef\" data-element_type=\"widget\" data-widget_type=\"menu-anchor.default\">\n\t\t\t\t<div class=\"elementor-widget-container\">\n\t\t\t\t\t\t\t<div class=\"elementor-menu-anchor\" id=\"contact\"><\/div>\n\t\t\t\t\t\t<\/div>\n\t\t\t\t<\/div>\n\t\t\t\t<div class=\"elementor-element elementor-element-6ec431b5 elementor-widget elementor-widget-shortcode\" data-id=\"6ec431b5\" data-element_type=\"widget\" data-widget_type=\"shortcode.default\">\n\t\t\t\t<div class=\"elementor-widget-container\">\n\t\t\t\t\t\t\t<div class=\"elementor-shortcode\"><style>\n\/* Style g\u00e9n\u00e9ral du formulaire *\/\n#mon-formulaire .wpcf7-form {\n    font-family: 'Roboto Condensed', sans-serif;\n    max-width: 500px;\n    margin: 0 auto;\n    padding: 20px;\n    background-color: #000;\n}\n\n\/* Style des labels *\/\n#mon-formulaire label {\n    display: block;\n    margin-bottom: 10px;\n    color: #fff;\n    font-size: 16px;\n}\n\n\/* Style des champs de saisie *\/\n#mon-formulaire .wpcf7-text, #mon-formulaire .wpcf7-email, #mon-formulaire .wpcf7-textarea {\n    width: 100%;\n    padding: 10px 15px;\n    margin-bottom: -20px;\n\n    font-size: 16px;\n    outline: none;\n    color: #333;\n    background-color: #f9f9f9;\n}\n\n#mon-formulaire .wpcf7-text::placeholder, #mon-formulaire .wpcf7-email::placeholder, #mon-formulaire .wpcf7-textarea::placeholder {\n    color: #d9d9d9;\n}\n\n\/* Style du bouton d'envoi *\/\n#mon-formulaire .wpcf7-submit {\n    padding: 10px 20px;\n    border: none;\n    font-size: 16px;\n    background-color: #fff;\n    color: #000;\n    cursor: pointer;\n    transition: background-color 0.3s ease;\n}\n\n#mon-formulaire .wpcf7-submit:hover {\n    background-color: #d9d9d9;\n}\n\n\/* Style pour le focus sur les champs *\/\n#mon-formulaire .wpcf7-text:focus, #mon-formulaire .wpcf7-email:focus, #mon-formulaire .wpcf7-textarea:focus {\n    border-color: #333;\n}\n#mon-formulaire .wpcf7-submit {\n    padding: 10px 20px;\n    border: 3px solid #fff;\n    font-size: 16px;\n    background-color: #000;\n    color: #fff;\n    cursor: pointer;\n    transition: background-color 0.3s ease, color 0.3s ease;\n}\n\n#mon-formulaire .wpcf7-submit:hover {\n    background-color: #fff;\n    color: #000;\n    \n}\n\n\n<\/style>\n``\n\n<\/div>\n\t\t\t\t\t\t<\/div>\n\t\t\t\t<\/div>\n\t\t\t\t\t<\/div>\n\t\t<\/div>\n\t\t\t\t\t<\/div>\n\t\t<\/section>\n\t\t\t\t<\/div>","protected":false},"excerpt":{"rendered":"<p>NOUS CONTACTER Si vous souhaitez contacter Bek La Barre, remplissez le formulaire ci-dessous et \u00e9crivez votre message dans le champ [&hellip;]<\/p>","protected":false},"author":1,"featured_media":0,"parent":0,"menu_order":0,"comment_status":"closed","ping_status":"closed","template":"","meta":{"_uag_custom_page_level_css":"","site-sidebar-layout":"no-sidebar","site-content-layout":"","ast-site-content-layout":"default","site-content-style":"default","site-sidebar-style":"default","ast-global-header-display":"","ast-banner-title-visibility":"","ast-main-header-display":"","ast-hfb-above-header-display":"","ast-hfb-below-header-display":"","ast-hfb-mobile-header-display":"","site-post-title":"disabled","ast-breadcrumbs-content":"","ast-featured-img":"disabled","footer-sml-layout":"","theme-transparent-header-meta":"","adv-header-id-meta":"","stick-header-meta":"","header-above-stick-meta":"","header-main-stick-meta":"","header-below-stick-meta":"","astra-migrate-meta-layouts":"default","ast-page-background-enabled":"default","ast-page-background-meta":{"desktop":{"background-color":"var(--ast-global-color-4)","background-image":"","background-repeat":"repeat","background-position":"center center","background-size":"auto","background-attachment":"scroll","background-type":"","background-media":"","overlay-type":"","overlay-color":"","overlay-opacity":"","overlay-gradient":""},"tablet":{"background-color":"","background-image":"","background-repeat":"repeat","background-position":"center center","background-size":"auto","background-attachment":"scroll","background-type":"","background-media":"","overlay-type":"","overlay-color":"","overlay-opacity":"","overlay-gradient":""},"mobile":{"background-color":"","background-image":"","background-repeat":"repeat","background-position":"center center","background-size":"auto","background-attachment":"scroll","background-type":"","background-media":"","overlay-type":"","overlay-color":"","overlay-opacity":"","overlay-gradient":""}},"ast-content-background-meta":{"desktop":{"background-color":"var(--ast-global-color-5)","background-image":"","background-repeat":"repeat","background-position":"center center","background-size":"auto","background-attachment":"scroll","background-type":"","background-media":"","overlay-type":"","overlay-color":"","overlay-opacity":"","overlay-gradient":""},"tablet":{"background-color":"var(--ast-global-color-5)","background-image":"","background-repeat":"repeat","background-position":"center center","background-size":"auto","background-attachment":"scroll","background-type":"","background-media":"","overlay-type":"","overlay-color":"","overlay-opacity":"","overlay-gradient":""},"mobile":{"background-color":"var(--ast-global-color-5)","background-image":"","background-repeat":"repeat","background-position":"center center","background-size":"auto","background-attachment":"scroll","background-type":"","background-media":"","overlay-type":"","overlay-color":"","overlay-opacity":"","overlay-gradient":""}},"footnotes":""},"class_list":["post-223","page","type-page","status-publish","hentry"],"yoast_head":"<!-- This site is optimized with the Yoast SEO plugin v26.2 - https:\/\/yoast.com\/wordpress\/plugins\/seo\/ -->\n<title>Prendre contact avec Bek La Barre<\/title>\n<meta name=\"description\" content=\"Si vous souhaitez contacter Bek La Barre, remplissez le formulaire ci-dessous et \u00e9crivez votre message dans le champ r\u00e9serv\u00e9.\" \/>\n<meta name=\"robots\" content=\"index, follow, max-snippet:-1, max-image-preview:large, max-video-preview:-1\" \/>\n<link rel=\"canonical\" href=\"https:\/\/beklabarre.com\/es\/contact\/\" \/>\n<meta property=\"og:locale\" content=\"es_ES\" \/>\n<meta property=\"og:type\" content=\"article\" \/>\n<meta property=\"og:title\" content=\"Prendre contact avec Bek La Barre\" \/>\n<meta property=\"og:description\" content=\"Si vous souhaitez contacter Bek La Barre, remplissez le formulaire ci-dessous et \u00e9crivez votre message dans le champ r\u00e9serv\u00e9.\" \/>\n<meta property=\"og:url\" content=\"https:\/\/beklabarre.com\/es\/contact\/\" \/>\n<meta property=\"article:publisher\" content=\"https:\/\/www.facebook.com\/beklabarre\/\" \/>\n<meta property=\"article:modified_time\" content=\"2025-10-15T16:33:33+00:00\" \/>\n<meta name=\"twitter:card\" content=\"summary_large_image\" \/>\n<meta name=\"twitter:label1\" content=\"Tiempo de lectura\" \/>\n\t<meta name=\"twitter:data1\" content=\"1 minuto\" \/>\n<script type=\"application\/ld+json\" class=\"yoast-schema-graph\">{\"@context\":\"https:\/\/schema.org\",\"@graph\":[{\"@type\":\"WebPage\",\"@id\":\"https:\/\/beklabarre.com\/contact\/\",\"url\":\"https:\/\/beklabarre.com\/contact\/\",\"name\":\"Prendre contact avec Bek La Barre\",\"isPartOf\":{\"@id\":\"https:\/\/beklabarre.com\/#website\"},\"datePublished\":\"2023-09-03T11:41:34+00:00\",\"dateModified\":\"2025-10-15T16:33:33+00:00\",\"description\":\"Si vous souhaitez contacter Bek La Barre, remplissez le formulaire ci-dessous et \u00e9crivez votre message dans le champ r\u00e9serv\u00e9.\",\"breadcrumb\":{\"@id\":\"https:\/\/beklabarre.com\/contact\/#breadcrumb\"},\"inLanguage\":\"es\",\"potentialAction\":[{\"@type\":\"ReadAction\",\"target\":[\"https:\/\/beklabarre.com\/contact\/\"]}]},{\"@type\":\"BreadcrumbList\",\"@id\":\"https:\/\/beklabarre.com\/contact\/#breadcrumb\",\"itemListElement\":[{\"@type\":\"ListItem\",\"position\":1,\"name\":\"Accueil\",\"item\":\"https:\/\/beklabarre.com\/\"},{\"@type\":\"ListItem\",\"position\":2,\"name\":\"Nous contacter\"}]},{\"@type\":\"WebSite\",\"@id\":\"https:\/\/beklabarre.com\/#website\",\"url\":\"https:\/\/beklabarre.com\/\",\"name\":\"Bek La Barre\",\"description\":\"\",\"publisher\":{\"@id\":\"https:\/\/beklabarre.com\/#organization\"},\"potentialAction\":[{\"@type\":\"SearchAction\",\"target\":{\"@type\":\"EntryPoint\",\"urlTemplate\":\"https:\/\/beklabarre.com\/?s={search_term_string}\"},\"query-input\":{\"@type\":\"PropertyValueSpecification\",\"valueRequired\":true,\"valueName\":\"search_term_string\"}}],\"inLanguage\":\"es\"},{\"@type\":\"Organization\",\"@id\":\"https:\/\/beklabarre.com\/#organization\",\"name\":\"Bek La Barre\",\"url\":\"https:\/\/beklabarre.com\/\",\"logo\":{\"@type\":\"ImageObject\",\"inLanguage\":\"es\",\"@id\":\"https:\/\/beklabarre.com\/#\/schema\/logo\/image\/\",\"url\":\"https:\/\/beklabarre.com\/wp-content\/uploads\/2024\/10\/logo-bek-la-barre.svg\",\"contentUrl\":\"https:\/\/beklabarre.com\/wp-content\/uploads\/2024\/10\/logo-bek-la-barre.svg\",\"width\":60,\"height\":60,\"caption\":\"Bek La Barre\"},\"image\":{\"@id\":\"https:\/\/beklabarre.com\/#\/schema\/logo\/image\/\"},\"sameAs\":[\"https:\/\/www.facebook.com\/beklabarre\/\",\"https:\/\/www.instagram.com\/beklabarre\/\",\"https:\/\/www.youtube.com\/@beklabarre-streetworkoutre878\"]}]}<\/script>\n<!-- \/ Yoast SEO plugin. -->","yoast_head_json":{"title":"Prendre contact avec Bek La Barre","description":"Si vous souhaitez contacter Bek La Barre, remplissez le formulaire ci-dessous et \u00e9crivez votre message dans le champ r\u00e9serv\u00e9.","robots":{"index":"index","follow":"follow","max-snippet":"max-snippet:-1","max-image-preview":"max-image-preview:large","max-video-preview":"max-video-preview:-1"},"canonical":"https:\/\/beklabarre.com\/es\/contact\/","og_locale":"es_ES","og_type":"article","og_title":"Prendre contact avec Bek La Barre","og_description":"Si vous souhaitez contacter Bek La Barre, remplissez le formulaire ci-dessous et \u00e9crivez votre message dans le champ r\u00e9serv\u00e9.","og_url":"https:\/\/beklabarre.com\/es\/contact\/","article_publisher":"https:\/\/www.facebook.com\/beklabarre\/","article_modified_time":"2025-10-15T16:33:33+00:00","twitter_card":"summary_large_image","twitter_misc":{"Tiempo de lectura":"1 minuto"},"schema":{"@context":"https:\/\/schema.org","@graph":[{"@type":"WebPage","@id":"https:\/\/beklabarre.com\/contact\/","url":"https:\/\/beklabarre.com\/contact\/","name":"Prendre contact avec Bek La Barre","isPartOf":{"@id":"https:\/\/beklabarre.com\/#website"},"datePublished":"2023-09-03T11:41:34+00:00","dateModified":"2025-10-15T16:33:33+00:00","description":"Si vous souhaitez contacter Bek La Barre, remplissez le formulaire ci-dessous et \u00e9crivez votre message dans le champ r\u00e9serv\u00e9.","breadcrumb":{"@id":"https:\/\/beklabarre.com\/contact\/#breadcrumb"},"inLanguage":"es","potentialAction":[{"@type":"ReadAction","target":["https:\/\/beklabarre.com\/contact\/"]}]},{"@type":"BreadcrumbList","@id":"https:\/\/beklabarre.com\/contact\/#breadcrumb","itemListElement":[{"@type":"ListItem","position":1,"name":"Accueil","item":"https:\/\/beklabarre.com\/"},{"@type":"ListItem","position":2,"name":"Nous contacter"}]},{"@type":"WebSite","@id":"https:\/\/beklabarre.com\/#website","url":"https:\/\/beklabarre.com\/","name":"Bek La Barre","description":"","publisher":{"@id":"https:\/\/beklabarre.com\/#organization"},"potentialAction":[{"@type":"SearchAction","target":{"@type":"EntryPoint","urlTemplate":"https:\/\/beklabarre.com\/?s={search_term_string}"},"query-input":{"@type":"PropertyValueSpecification","valueRequired":true,"valueName":"search_term_string"}}],"inLanguage":"es"},{"@type":"Organization","@id":"https:\/\/beklabarre.com\/#organization","name":"Bek La Barre","url":"https:\/\/beklabarre.com\/","logo":{"@type":"ImageObject","inLanguage":"es","@id":"https:\/\/beklabarre.com\/#\/schema\/logo\/image\/","url":"https:\/\/beklabarre.com\/wp-content\/uploads\/2024\/10\/logo-bek-la-barre.svg","contentUrl":"https:\/\/beklabarre.com\/wp-content\/uploads\/2024\/10\/logo-bek-la-barre.svg","width":60,"height":60,"caption":"Bek La Barre"},"image":{"@id":"https:\/\/beklabarre.com\/#\/schema\/logo\/image\/"},"sameAs":["https:\/\/www.facebook.com\/beklabarre\/","https:\/\/www.instagram.com\/beklabarre\/","https:\/\/www.youtube.com\/@beklabarre-streetworkoutre878"]}]}},"uagb_featured_image_src":{"full":false,"thumbnail":false,"medium":false,"medium_large":false,"large":false,"1536x1536":false,"2048x2048":false,"trp-custom-language-flag":false,"mailpoet_newsletter_max":false,"yarpp-thumbnail":false},"uagb_author_info":{"display_name":"K\u00e9vin Hamidona","author_link":"https:\/\/beklabarre.com\/es\/author\/admin\/"},"uagb_comment_info":0,"uagb_excerpt":"NOUS CONTACTER Si vous souhaitez contacter Bek La Barre, remplissez le formulaire ci-dessous et \u00e9crivez votre message dans le champ [&hellip;]","_links":{"self":[{"href":"https:\/\/beklabarre.com\/es\/wp-json\/wp\/v2\/pages\/223","targetHints":{"allow":["GET"]}}],"collection":[{"href":"https:\/\/beklabarre.com\/es\/wp-json\/wp\/v2\/pages"}],"about":[{"href":"https:\/\/beklabarre.com\/es\/wp-json\/wp\/v2\/types\/page"}],"author":[{"embeddable":true,"href":"https:\/\/beklabarre.com\/es\/wp-json\/wp\/v2\/users\/1"}],"replies":[{"embeddable":true,"href":"https:\/\/beklabarre.com\/es\/wp-json\/wp\/v2\/comments?post=223"}],"version-history":[{"count":15,"href":"https:\/\/beklabarre.com\/es\/wp-json\/wp\/v2\/pages\/223\/revisions"}],"predecessor-version":[{"id":1820,"href":"https:\/\/beklabarre.com\/es\/wp-json\/wp\/v2\/pages\/223\/revisions\/1820"}],"wp:attachment":[{"href":"https:\/\/beklabarre.com\/es\/wp-json\/wp\/v2\/media?parent=223"}],"curies":[{"name":"wp","href":"https:\/\/api.w.org\/{rel}","templated":true}]}}