{"id":538,"date":"2023-09-16T18:07:21","date_gmt":"2023-09-16T16:07:21","guid":{"rendered":"https:\/\/beklabarre.com\/?page_id=538"},"modified":"2023-09-19T18:16:22","modified_gmt":"2023-09-19T16:16:22","slug":"mentions-legales","status":"publish","type":"page","link":"https:\/\/beklabarre.com\/es\/mentions-legales\/","title":{"rendered":"Informaci\u00f3n jur\u00eddica"},"content":{"rendered":"<div data-elementor-type=\"wp-page\" data-elementor-id=\"538\" class=\"elementor elementor-538\" data-elementor-post-type=\"page\">\n\t\t\t\t\t\t<section class=\"elementor-section elementor-top-section elementor-element elementor-element-3d37c8ca elementor-section-boxed elementor-section-height-default elementor-section-height-default\" data-id=\"3d37c8ca\" data-element_type=\"section\">\n\t\t\t\t\t\t<div class=\"elementor-container elementor-column-gap-default\">\n\t\t\t\t\t<div class=\"elementor-column elementor-col-100 elementor-top-column elementor-element elementor-element-307aae0\" data-id=\"307aae0\" data-element_type=\"column\">\n\t\t\t<div class=\"elementor-widget-wrap elementor-element-populated\">\n\t\t\t\t\t\t<div class=\"elementor-element elementor-element-244df6e0 elementor-widget elementor-widget-text-editor\" data-id=\"244df6e0\" data-element_type=\"widget\" data-widget_type=\"text-editor.default\">\n\t\t\t\t<div class=\"elementor-widget-container\">\n\t\t\t\t\t\t\t\t\t\t\t\t\t\t\t\t\t<\/div>\n\t\t\t\t<\/div>\n\t\t\t\t\t<\/div>\n\t\t<\/div>\n\t\t\t\t\t<\/div>\n\t\t<\/section>\n\t\t\t\t<section class=\"elementor-section elementor-top-section elementor-element elementor-element-8e958a3 elementor-section-boxed elementor-section-height-default elementor-section-height-default\" data-id=\"8e958a3\" data-element_type=\"section\">\n\t\t\t\t\t\t<div class=\"elementor-container elementor-column-gap-default\">\n\t\t\t\t\t<div class=\"elementor-column elementor-col-100 elementor-top-column elementor-element elementor-element-2770234\" data-id=\"2770234\" data-element_type=\"column\">\n\t\t\t<div class=\"elementor-widget-wrap\">\n\t\t\t\t\t\t\t<\/div>\n\t\t<\/div>\n\t\t\t\t\t<\/div>\n\t\t<\/section>\n\t\t\t\t<section class=\"elementor-section elementor-top-section elementor-element elementor-element-38ef36b elementor-section-boxed elementor-section-height-default elementor-section-height-default\" data-id=\"38ef36b\" data-element_type=\"section\">\n\t\t\t\t\t\t<div class=\"elementor-container elementor-column-gap-default\">\n\t\t\t\t\t<div class=\"elementor-column elementor-col-100 elementor-top-column elementor-element elementor-element-720ec41\" data-id=\"720ec41\" data-element_type=\"column\">\n\t\t\t<div class=\"elementor-widget-wrap elementor-element-populated\">\n\t\t\t\t\t\t<div class=\"elementor-element elementor-element-8c18ec0 elementor-widget elementor-widget-spacer\" data-id=\"8c18ec0\" data-element_type=\"widget\" data-widget_type=\"spacer.default\">\n\t\t\t\t<div class=\"elementor-widget-container\">\n\t\t\t\t\t\t\t<div class=\"elementor-spacer\">\n\t\t\t<div class=\"elementor-spacer-inner\"><\/div>\n\t\t<\/div>\n\t\t\t\t\t\t<\/div>\n\t\t\t\t<\/div>\n\t\t\t\t<div class=\"elementor-element elementor-element-9036bd3 elementor-widget elementor-widget-heading\" data-id=\"9036bd3\" data-element_type=\"widget\" data-widget_type=\"heading.default\">\n\t\t\t\t<div class=\"elementor-widget-container\">\n\t\t\t\t\t<h2 class=\"elementor-heading-title elementor-size-default\">AVISOS LEGALES<\/h2>\t\t\t\t<\/div>\n\t\t\t\t<\/div>\n\t\t\t\t<div class=\"elementor-element elementor-element-8b7382c elementor-widget elementor-widget-spacer\" data-id=\"8b7382c\" data-element_type=\"widget\" data-widget_type=\"spacer.default\">\n\t\t\t\t<div class=\"elementor-widget-container\">\n\t\t\t\t\t\t\t<div class=\"elementor-spacer\">\n\t\t\t<div class=\"elementor-spacer-inner\"><\/div>\n\t\t<\/div>\n\t\t\t\t\t\t<\/div>\n\t\t\t\t<\/div>\n\t\t\t\t\t<\/div>\n\t\t<\/div>\n\t\t\t\t\t<\/div>\n\t\t<\/section>\n\t\t\t\t<section class=\"elementor-section elementor-top-section elementor-element elementor-element-33e4eaf elementor-section-boxed elementor-section-height-default elementor-section-height-default\" data-id=\"33e4eaf\" data-element_type=\"section\">\n\t\t\t\t\t\t<div class=\"elementor-container elementor-column-gap-default\">\n\t\t\t\t\t<div class=\"elementor-column elementor-col-100 elementor-top-column elementor-element elementor-element-cb8e90a\" data-id=\"cb8e90a\" data-element_type=\"column\">\n\t\t\t<div class=\"elementor-widget-wrap elementor-element-populated\">\n\t\t\t\t\t\t<div class=\"elementor-element elementor-element-23c0132 elementor-widget elementor-widget-text-editor\" data-id=\"23c0132\" data-element_type=\"widget\" data-widget_type=\"text-editor.default\">\n\t\t\t\t<div class=\"elementor-widget-container\">\n\t\t\t\t\t\t\t\t\t<p><span style=\"color: #333333; font-family: Roboto, Helvetica, Arial, Lucida, sans-serif; font-size: 22px;\">1. Presentaci\u00f3n del sitio.<\/span><\/p>\n<p>De conformidad con el art\u00edculo 6 de la Ley n\u00ba 2004-575, de 21 de junio de 2004, sobre la confianza en la econom\u00eda digital, se informa a los usuarios del sitio web https:\/\/beklabarre.com de la identidad de las distintas partes que intervienen en su creaci\u00f3n y seguimiento:<\/p>\n<p><strong>Propietario<\/strong> BEK LA BARRE - 8 rue des Sapotilles, L'Etang Sal\u00e9, 97427, Francia\u00a0<br \/><strong>Creador<\/strong> BEK LA BARRE<br \/><strong>Responsable de la publicaci\u00f3n<\/strong> : BEK LA BARRE - contact@beklabarre.com<br \/>El responsable de la publicaci\u00f3n es una persona f\u00edsica o jur\u00eddica.<br \/><strong>Webmaster<\/strong> : K\u00e9vin HAMIDONA<br \/><strong>Anfitri\u00f3n<\/strong> LWS - 2 rue Jules Ferry, 88190 Golbey, Francia<\/p>\n<p>\u00a0<\/p>\n<h3>2. Condiciones generales de utilizaci\u00f3n del sitio y de los servicios ofrecidos.<\/h3>\n<p>El uso del sitio web https:\/\/beklabarre.com implica la plena aceptaci\u00f3n de las condiciones generales de uso que se exponen a continuaci\u00f3n. Estas condiciones de uso podr\u00e1n ser modificadas o completadas en cualquier momento, por lo que se aconseja a los usuarios del sitio web https:\/\/beklabarre.com que las consulten peri\u00f3dicamente.<\/p>\n<p>Este sitio es normalmente accesible a los usuarios en todo momento. No obstante, BEK LA BARRE puede decidir interrumpir el sitio por motivos de mantenimiento t\u00e9cnico, en cuyo caso procurar\u00e1 informar previamente a los usuarios de las fechas y horas de la intervenci\u00f3n.<\/p>\n<p>El sitio web https:\/\/beklabarre.com es actualizado regularmente por BEK LA BARRE. Del mismo modo, las menciones legales pueden modificarse en cualquier momento: no obstante, son vinculantes para el usuario, al que se invita a consultarlas con la mayor frecuencia posible para leerlas.<\/p>\n<h3>3. Descripci\u00f3n de los servicios prestados.<\/h3>\n<p>El objetivo del sitio web https:\/\/beklabarre.com es ofrecer informaci\u00f3n sobre todas las actividades de la empresa.<\/p>\n<p>BEK LA BARRE se esfuerza por ofrecer en el sitio web https:\/\/beklabarre.com informaci\u00f3n lo m\u00e1s exacta posible. No obstante, BEK LA BARRE no se hace responsable de las omisiones, inexactitudes o falta de actualizaci\u00f3n de la informaci\u00f3n, ya sean causadas por BEK LA BARRE o por terceros asociados que proporcionen dicha informaci\u00f3n.<\/p>\n<p>Toda la informaci\u00f3n contenida en el sitio web https:\/\/beklabarre.com se facilita \u00fanicamente a t\u00edtulo informativo y est\u00e1 sujeta a cambios. Adem\u00e1s, la informaci\u00f3n del sitio https:\/\/beklabarre.com no es exhaustiva. Est\u00e1 sujeta a cambios desde su puesta en l\u00ednea.<\/p>\n<h3>4. Limitaciones contractuales de los datos t\u00e9cnicos.<\/h3>\n<p>El sitio utiliza la tecnolog\u00eda JavaScript.<\/p>\n<p>El sitio web no se hace responsable de los da\u00f1os materiales derivados de su utilizaci\u00f3n. Adem\u00e1s, los usuarios del sitio se comprometen a acceder a \u00e9l utilizando equipos recientes, libres de virus y con un navegador actualizado de \u00faltima generaci\u00f3n.<\/p>\n<h3>5. Propiedad intelectual y falsificaci\u00f3n.<\/h3>\n<p>BEK LA BARRE es propietaria de los derechos de propiedad intelectual o titular de los derechos de uso sobre todos los elementos accesibles en el sitio, en particular los textos, im\u00e1genes, gr\u00e1ficos, logotipos, iconos, sonidos y software.<\/p>\n<p>Toda reproducci\u00f3n, representaci\u00f3n, modificaci\u00f3n, publicaci\u00f3n, adaptaci\u00f3n de la totalidad o parte de los elementos del sitio, cualesquiera que sean los medios o procedimientos utilizados, est\u00e1 prohibida, salvo autorizaci\u00f3n previa por escrito de : BEK LA BARRE.<\/p>\n<p>Cualquier uso no autorizado del sitio o de cualquiera de los elementos que contiene se considerar\u00e1 constitutivo de infracci\u00f3n y ser\u00e1 perseguido de conformidad con lo dispuesto en los art\u00edculos L.335-2 y siguientes del C\u00f3digo de la Propiedad Intelectual franc\u00e9s.<\/p>\n<h3>6. Limitaci\u00f3n de responsabilidad.<\/h3>\n<p>BEK LA BARRE no podr\u00e1 ser considerada responsable de los da\u00f1os directos o indirectos causados al equipo del usuario al acceder al sitio web https:\/\/beklabarre.com, derivados bien del uso de un equipo que no cumpla las especificaciones indicadas en el punto 4, bien de la aparici\u00f3n de un error o incompatibilidad.<\/p>\n<p>BEK LA BARRE no se hace responsable de los da\u00f1os indirectos (como la p\u00e9rdida de mercado o de oportunidades) derivados del uso del sitio web https:\/\/beklabarre.com.<\/p>\n<p>Los usuarios tienen a su disposici\u00f3n zonas interactivas (posibilidad de formular preguntas en la zona de contacto). BEK LA BARRE se reserva el derecho a eliminar, sin previo aviso, cualquier contenido publicado en este espacio que contravenga la legislaci\u00f3n aplicable en Francia, en particular las disposiciones relativas a la protecci\u00f3n de datos. En su caso, BEK LA BARRE tambi\u00e9n se reserva el derecho de exigir responsabilidades civiles y\/o penales al usuario, especialmente en caso de mensajes de car\u00e1cter racista, insultante, difamatorio o pornogr\u00e1fico, sea cual sea el soporte utilizado (texto, fotograf\u00edas, etc.).<\/p>\n<h3>7. Gesti\u00f3n de datos personales.<\/h3>\n<p>En Francia, los datos personales est\u00e1n protegidos por la ley n\u00ba 78-87 de 6 de enero de 1978, la ley n\u00ba 2004-801 de 6 de agosto de 2004, el art\u00edculo L. 226-13 del C\u00f3digo Penal y la Directiva Europea de 24 de octubre de 1995.<\/p>\n<p>Al utilizar el sitio web https:\/\/beklabarre.com, puede recopilarse la siguiente informaci\u00f3n: la URL de los enlaces a trav\u00e9s de los cuales el usuario ha accedido al sitio web https:\/\/beklabarre.com, el proveedor de acceso del usuario, la direcci\u00f3n de protocolo de Internet (IP) del usuario.<\/p>\n<p>En cualquier caso, BEK LA BARRE s\u00f3lo recoge informaci\u00f3n personal relativa al usuario a efectos de determinados servicios ofrecidos por el sitio web https:\/\/beklabarre.com. Los usuarios facilitan esta informaci\u00f3n con pleno conocimiento de causa, especialmente cuando la introducen ellos mismos. A continuaci\u00f3n, se informa a los usuarios del sitio web https:\/\/beklabarre.com de la obligaci\u00f3n o no de facilitar dicha informaci\u00f3n.<\/p>\n<p>De conformidad con las disposiciones de los art\u00edculos 38 y siguientes de la Ley 78-17 de 6 de enero de 1978 relativa a la inform\u00e1tica, a los ficheros y a las libertades, todo usuario dispone de un derecho de acceso, de rectificaci\u00f3n y de oposici\u00f3n a los datos de car\u00e1cter personal que le conciernan, mediante el env\u00edo de una solicitud escrita y firmada, acompa\u00f1ada de una copia del documento de identidad con la firma del portador del documento, precisando la direcci\u00f3n a la que debe enviarse la respuesta.<\/p>\n<p>Ninguna informaci\u00f3n personal del usuario del sitio https:\/\/beklabarre.com es publicada sin el conocimiento del usuario, intercambiada, transferida o vendida en ning\u00fan soporte a terceros. S\u00f3lo la hip\u00f3tesis de la recompra de BEK LA BARRE y de sus derechos permitir\u00eda la transmisi\u00f3n de las informaciones antes mencionadas al posible comprador que estar\u00eda a su vez sujeto a la misma obligaci\u00f3n de conservaci\u00f3n y modificaci\u00f3n de los datos con respecto al usuario del sitio https:\/\/beklabarre.com.<\/p>\n<p>Las bases de datos est\u00e1n protegidas por las disposiciones de la Ley de 1 de julio de 1998 que transpone la Directiva 96\/9 de 11 de marzo de 1996 sobre la protecci\u00f3n jur\u00eddica de las bases de datos.<\/p>\n<h3>8. Enlaces de hipertexto y cookies.<\/h3>\n<p>El sitio https:\/\/beklabarre.com contiene una serie de enlaces de hipertexto hacia otros sitios, establecidos con la autorizaci\u00f3n de BEK LA BARRE. No obstante, BEK LA BARRE no puede controlar el contenido de los sitios visitados de esta forma y, por consiguiente, no asume ninguna responsabilidad al respecto.<\/p>\n<p>La navegaci\u00f3n por el sitio web https:\/\/beklabarre.com puede provocar la instalaci\u00f3n de cookies en el ordenador del usuario. Una cookie es un peque\u00f1o archivo que no permite identificar al usuario, pero que registra informaci\u00f3n relativa a la navegaci\u00f3n de un ordenador en un sitio. Los datos as\u00ed obtenidos tienen por objeto facilitar la navegaci\u00f3n posterior por el sitio y tambi\u00e9n se utilizan para medir el n\u00famero de visitantes.<\/p>\n<p>Rechazar la instalaci\u00f3n de una cookie puede imposibilitar el acceso a determinados servicios. No obstante, el usuario puede configurar su ordenador de la siguiente manera para rechazar la instalaci\u00f3n de cookies:<\/p>\n<p>En Internet Explorer: pesta\u00f1a Herramientas (icono en forma de rueda arriba a la derecha) \/ Opciones de Internet. Haga clic en Confidencialidad y elija Bloquear todas las cookies. Confirme con Ok.<\/p>\n<p>Firefox: en la parte superior de la ventana del navegador, haga clic en el bot\u00f3n Firefox y, a continuaci\u00f3n, vaya a la pesta\u00f1a Opciones. Haz clic en la pesta\u00f1a Privacidad.<br \/>Establece las reglas de retenci\u00f3n en: usar configuraci\u00f3n personalizada para el historial. Por \u00faltimo, desmarca para desactivar las cookies.<\/p>\n<p>En Safari: haz clic en el icono de men\u00fa (simbolizado por una rueda dentada) situado en la parte superior derecha del navegador. Selecciona Ajustes. Haga clic en Mostrar configuraci\u00f3n avanzada. En la secci\u00f3n \"Confidencialidad\", haga clic en Configuraci\u00f3n de contenido. En la secci\u00f3n \"Cookies\", puede bloquear las cookies.<\/p>\n<p>En Chrome: Haga clic en el icono de men\u00fa (simbolizado por tres l\u00edneas horizontales) situado en la esquina superior derecha del navegador. Selecciona Configuraci\u00f3n. Haga clic en Mostrar configuraci\u00f3n avanzada. En la secci\u00f3n \"Confidencialidad\", haga clic en Preferencias. En la pesta\u00f1a \"Confidencialidad\", puede bloquear las cookies.<\/p>\n<h3>9. Ley aplicable y jurisdicci\u00f3n.<\/h3>\n<p>Cualquier litigio relacionado con el uso del sitio web https:\/\/beklabarre.com est\u00e1 sujeto a la legislaci\u00f3n francesa. Los tribunales competentes de Par\u00eds tienen jurisdicci\u00f3n exclusiva.<\/p>\n<h3>10. Las principales leyes afectadas.<\/h3>\n<p>Ley n\u00ba 78-17 de 6 de enero de 1978, modificada por la Ley n\u00ba 2004-801 de 6 de agosto de 2004 relativa a la inform\u00e1tica, los ficheros y las libertades.<\/p>\n<p>Ley n\u00ba 2004-575 de 21 de junio de 2004 sobre la confianza en la econom\u00eda digital.<\/p>\n<h3>11. Glosario.<\/h3>\n<p>Usuario: Internauta que se conecta y utiliza el sitio mencionado.<\/p>\n<p>Informaci\u00f3n personal: \"informaci\u00f3n que permite, en cualquier forma, directa o indirectamente, la identificaci\u00f3n de las personas f\u00edsicas a las que se aplica\" (art\u00edculo 4 de la ley n\u00ba 78-17 de 6 de enero de 1978).<\/p>\t\t\t\t\t\t\t\t<\/div>\n\t\t\t\t<\/div>\n\t\t\t\t\t<\/div>\n\t\t<\/div>\n\t\t\t\t\t<\/div>\n\t\t<\/section>\n\t\t\t\t<\/div>","protected":false},"excerpt":{"rendered":"<p>MENTIONS L\u00c9GALES 1. Pr\u00e9sentation du site. En vertu de l\u2019article 6 de la loi n\u00b0 2004-575 du 21 juin 2004 [&hellip;]<\/p>","protected":false},"author":1,"featured_media":0,"parent":0,"menu_order":0,"comment_status":"closed","ping_status":"closed","template":"elementor_header_footer","meta":{"_uag_custom_page_level_css":"","site-sidebar-layout":"default","site-content-layout":"","ast-site-content-layout":"default","site-content-style":"default","site-sidebar-style":"default","ast-global-header-display":"","ast-banner-title-visibility":"","ast-main-header-display":"","ast-hfb-above-header-display":"","ast-hfb-below-header-display":"","ast-hfb-mobile-header-display":"","site-post-title":"","ast-breadcrumbs-content":"","ast-featured-img":"","footer-sml-layout":"","theme-transparent-header-meta":"","adv-header-id-meta":"","stick-header-meta":"","header-above-stick-meta":"","header-main-stick-meta":"","header-below-stick-meta":"","astra-migrate-meta-layouts":"default","ast-page-background-enabled":"default","ast-page-background-meta":{"desktop":{"background-color":"var(--ast-global-color-4)","background-image":"","background-repeat":"repeat","background-position":"center center","background-size":"auto","background-attachment":"scroll","background-type":"","background-media":"","overlay-type":"","overlay-color":"","overlay-opacity":"","overlay-gradient":""},"tablet":{"background-color":"","background-image":"","background-repeat":"repeat","background-position":"center center","background-size":"auto","background-attachment":"scroll","background-type":"","background-media":"","overlay-type":"","overlay-color":"","overlay-opacity":"","overlay-gradient":""},"mobile":{"background-color":"","background-image":"","background-repeat":"repeat","background-position":"center center","background-size":"auto","background-attachment":"scroll","background-type":"","background-media":"","overlay-type":"","overlay-color":"","overlay-opacity":"","overlay-gradient":""}},"ast-content-background-meta":{"desktop":{"background-color":"var(--ast-global-color-5)","background-image":"","background-repeat":"repeat","background-position":"center center","background-size":"auto","background-attachment":"scroll","background-type":"","background-media":"","overlay-type":"","overlay-color":"","overlay-opacity":"","overlay-gradient":""},"tablet":{"background-color":"var(--ast-global-color-5)","background-image":"","background-repeat":"repeat","background-position":"center center","background-size":"auto","background-attachment":"scroll","background-type":"","background-media":"","overlay-type":"","overlay-color":"","overlay-opacity":"","overlay-gradient":""},"mobile":{"background-color":"var(--ast-global-color-5)","background-image":"","background-repeat":"repeat","background-position":"center center","background-size":"auto","background-attachment":"scroll","background-type":"","background-media":"","overlay-type":"","overlay-color":"","overlay-opacity":"","overlay-gradient":""}},"footnotes":""},"class_list":["post-538","page","type-page","status-publish","hentry"],"yoast_head":"<!-- This site is optimized with the Yoast SEO plugin v26.2 - https:\/\/yoast.com\/wordpress\/plugins\/seo\/ -->\n<title>Mentions l\u00e9gales<\/title>\n<meta name=\"robots\" content=\"noindex, follow\" \/>\n<meta property=\"og:locale\" content=\"es_ES\" \/>\n<meta property=\"og:type\" content=\"article\" \/>\n<meta property=\"og:title\" content=\"Mentions l\u00e9gales\" \/>\n<meta property=\"og:description\" content=\"MENTIONS L\u00c9GALES 1. Pr\u00e9sentation du site. En vertu de l\u2019article 6 de la loi n\u00b0 2004-575 du 21 juin 2004 [&hellip;]\" \/>\n<meta property=\"og:url\" content=\"https:\/\/beklabarre.com\/es\/mentions-legales\/\" \/>\n<meta property=\"article:publisher\" content=\"https:\/\/www.facebook.com\/beklabarre\/\" \/>\n<meta property=\"article:modified_time\" content=\"2023-09-19T16:16:22+00:00\" \/>\n<meta name=\"twitter:card\" content=\"summary_large_image\" \/>\n<meta name=\"twitter:label1\" content=\"Tiempo de lectura\" \/>\n\t<meta name=\"twitter:data1\" content=\"8 minutos\" \/>\n<script type=\"application\/ld+json\" class=\"yoast-schema-graph\">{\"@context\":\"https:\/\/schema.org\",\"@graph\":[{\"@type\":\"WebPage\",\"@id\":\"https:\/\/beklabarre.com\/mentions-legales\/\",\"url\":\"https:\/\/beklabarre.com\/mentions-legales\/\",\"name\":\"Mentions l\u00e9gales\",\"isPartOf\":{\"@id\":\"https:\/\/beklabarre.com\/#website\"},\"datePublished\":\"2023-09-16T16:07:21+00:00\",\"dateModified\":\"2023-09-19T16:16:22+00:00\",\"breadcrumb\":{\"@id\":\"https:\/\/beklabarre.com\/mentions-legales\/#breadcrumb\"},\"inLanguage\":\"es\",\"potentialAction\":[{\"@type\":\"ReadAction\",\"target\":[\"https:\/\/beklabarre.com\/mentions-legales\/\"]}]},{\"@type\":\"BreadcrumbList\",\"@id\":\"https:\/\/beklabarre.com\/mentions-legales\/#breadcrumb\",\"itemListElement\":[{\"@type\":\"ListItem\",\"position\":1,\"name\":\"Accueil\",\"item\":\"https:\/\/beklabarre.com\/\"},{\"@type\":\"ListItem\",\"position\":2,\"name\":\"Mentions l\u00e9gales\"}]},{\"@type\":\"WebSite\",\"@id\":\"https:\/\/beklabarre.com\/#website\",\"url\":\"https:\/\/beklabarre.com\/\",\"name\":\"Bek La Barre\",\"description\":\"\",\"publisher\":{\"@id\":\"https:\/\/beklabarre.com\/#organization\"},\"potentialAction\":[{\"@type\":\"SearchAction\",\"target\":{\"@type\":\"EntryPoint\",\"urlTemplate\":\"https:\/\/beklabarre.com\/?s={search_term_string}\"},\"query-input\":{\"@type\":\"PropertyValueSpecification\",\"valueRequired\":true,\"valueName\":\"search_term_string\"}}],\"inLanguage\":\"es\"},{\"@type\":\"Organization\",\"@id\":\"https:\/\/beklabarre.com\/#organization\",\"name\":\"Bek La Barre\",\"url\":\"https:\/\/beklabarre.com\/\",\"logo\":{\"@type\":\"ImageObject\",\"inLanguage\":\"es\",\"@id\":\"https:\/\/beklabarre.com\/#\/schema\/logo\/image\/\",\"url\":\"https:\/\/beklabarre.com\/wp-content\/uploads\/2024\/10\/logo-bek-la-barre.svg\",\"contentUrl\":\"https:\/\/beklabarre.com\/wp-content\/uploads\/2024\/10\/logo-bek-la-barre.svg\",\"width\":60,\"height\":60,\"caption\":\"Bek La Barre\"},\"image\":{\"@id\":\"https:\/\/beklabarre.com\/#\/schema\/logo\/image\/\"},\"sameAs\":[\"https:\/\/www.facebook.com\/beklabarre\/\",\"https:\/\/www.instagram.com\/beklabarre\/\",\"https:\/\/www.youtube.com\/@beklabarre-streetworkoutre878\"]}]}<\/script>\n<!-- \/ Yoast SEO plugin. -->","yoast_head_json":{"title":"Informaci\u00f3n jur\u00eddica","robots":{"index":"noindex","follow":"follow"},"og_locale":"es_ES","og_type":"article","og_title":"Mentions l\u00e9gales","og_description":"MENTIONS L\u00c9GALES 1. Pr\u00e9sentation du site. En vertu de l\u2019article 6 de la loi n\u00b0 2004-575 du 21 juin 2004 [&hellip;]","og_url":"https:\/\/beklabarre.com\/es\/mentions-legales\/","article_publisher":"https:\/\/www.facebook.com\/beklabarre\/","article_modified_time":"2023-09-19T16:16:22+00:00","twitter_card":"summary_large_image","twitter_misc":{"Tiempo de lectura":"8 minutos"},"schema":{"@context":"https:\/\/schema.org","@graph":[{"@type":"WebPage","@id":"https:\/\/beklabarre.com\/mentions-legales\/","url":"https:\/\/beklabarre.com\/mentions-legales\/","name":"Informaci\u00f3n jur\u00eddica","isPartOf":{"@id":"https:\/\/beklabarre.com\/#website"},"datePublished":"2023-09-16T16:07:21+00:00","dateModified":"2023-09-19T16:16:22+00:00","breadcrumb":{"@id":"https:\/\/beklabarre.com\/mentions-legales\/#breadcrumb"},"inLanguage":"es","potentialAction":[{"@type":"ReadAction","target":["https:\/\/beklabarre.com\/mentions-legales\/"]}]},{"@type":"BreadcrumbList","@id":"https:\/\/beklabarre.com\/mentions-legales\/#breadcrumb","itemListElement":[{"@type":"ListItem","position":1,"name":"Accueil","item":"https:\/\/beklabarre.com\/"},{"@type":"ListItem","position":2,"name":"Mentions l\u00e9gales"}]},{"@type":"WebSite","@id":"https:\/\/beklabarre.com\/#website","url":"https:\/\/beklabarre.com\/","name":"Bek La Barre","description":"","publisher":{"@id":"https:\/\/beklabarre.com\/#organization"},"potentialAction":[{"@type":"SearchAction","target":{"@type":"EntryPoint","urlTemplate":"https:\/\/beklabarre.com\/?s={search_term_string}"},"query-input":{"@type":"PropertyValueSpecification","valueRequired":true,"valueName":"search_term_string"}}],"inLanguage":"es"},{"@type":"Organization","@id":"https:\/\/beklabarre.com\/#organization","name":"Bek La Barre","url":"https:\/\/beklabarre.com\/","logo":{"@type":"ImageObject","inLanguage":"es","@id":"https:\/\/beklabarre.com\/#\/schema\/logo\/image\/","url":"https:\/\/beklabarre.com\/wp-content\/uploads\/2024\/10\/logo-bek-la-barre.svg","contentUrl":"https:\/\/beklabarre.com\/wp-content\/uploads\/2024\/10\/logo-bek-la-barre.svg","width":60,"height":60,"caption":"Bek La Barre"},"image":{"@id":"https:\/\/beklabarre.com\/#\/schema\/logo\/image\/"},"sameAs":["https:\/\/www.facebook.com\/beklabarre\/","https:\/\/www.instagram.com\/beklabarre\/","https:\/\/www.youtube.com\/@beklabarre-streetworkoutre878"]}]}},"uagb_featured_image_src":{"full":false,"thumbnail":false,"medium":false,"medium_large":false,"large":false,"1536x1536":false,"2048x2048":false,"trp-custom-language-flag":false,"mailpoet_newsletter_max":false,"yarpp-thumbnail":false},"uagb_author_info":{"display_name":"K\u00e9vin Hamidona","author_link":"https:\/\/beklabarre.com\/es\/author\/admin\/"},"uagb_comment_info":0,"uagb_excerpt":"MENTIONS L\u00c9GALES 1. Pr\u00e9sentation du site. En vertu de l\u2019article 6 de la loi n\u00b0 2004-575 du 21 juin 2004 [&hellip;]","_links":{"self":[{"href":"https:\/\/beklabarre.com\/es\/wp-json\/wp\/v2\/pages\/538","targetHints":{"allow":["GET"]}}],"collection":[{"href":"https:\/\/beklabarre.com\/es\/wp-json\/wp\/v2\/pages"}],"about":[{"href":"https:\/\/beklabarre.com\/es\/wp-json\/wp\/v2\/types\/page"}],"author":[{"embeddable":true,"href":"https:\/\/beklabarre.com\/es\/wp-json\/wp\/v2\/users\/1"}],"replies":[{"embeddable":true,"href":"https:\/\/beklabarre.com\/es\/wp-json\/wp\/v2\/comments?post=538"}],"version-history":[{"count":7,"href":"https:\/\/beklabarre.com\/es\/wp-json\/wp\/v2\/pages\/538\/revisions"}],"predecessor-version":[{"id":654,"href":"https:\/\/beklabarre.com\/es\/wp-json\/wp\/v2\/pages\/538\/revisions\/654"}],"wp:attachment":[{"href":"https:\/\/beklabarre.com\/es\/wp-json\/wp\/v2\/media?parent=538"}],"curies":[{"name":"wp","href":"https:\/\/api.w.org\/{rel}","templated":true}]}}