{"id":543,"date":"2023-09-16T18:16:56","date_gmt":"2023-09-16T16:16:56","guid":{"rendered":"https:\/\/beklabarre.com\/?page_id=543"},"modified":"2023-09-16T18:23:02","modified_gmt":"2023-09-16T16:23:02","slug":"charte-des-cookies","status":"publish","type":"page","link":"https:\/\/beklabarre.com\/es\/charte-des-cookies\/","title":{"rendered":"Carta de Cookies"},"content":{"rendered":"<div data-elementor-type=\"wp-page\" data-elementor-id=\"543\" class=\"elementor elementor-543\" data-elementor-post-type=\"page\">\n\t\t\t\t\t\t<section class=\"elementor-section elementor-top-section elementor-element elementor-element-5e3eba34 elementor-section-boxed elementor-section-height-default elementor-section-height-default\" data-id=\"5e3eba34\" data-element_type=\"section\">\n\t\t\t\t\t\t<div class=\"elementor-container elementor-column-gap-default\">\n\t\t\t\t\t<div class=\"elementor-column elementor-col-100 elementor-top-column elementor-element elementor-element-285af412\" data-id=\"285af412\" data-element_type=\"column\">\n\t\t\t<div class=\"elementor-widget-wrap elementor-element-populated\">\n\t\t\t\t\t\t<div class=\"elementor-element elementor-element-15227286 elementor-widget elementor-widget-text-editor\" data-id=\"15227286\" data-element_type=\"widget\" data-widget_type=\"text-editor.default\">\n\t\t\t\t<div class=\"elementor-widget-container\">\n\t\t\t\t\t\t\t\t\t\t\t\t\t\t\t\t\t<\/div>\n\t\t\t\t<\/div>\n\t\t\t\t\t<\/div>\n\t\t<\/div>\n\t\t\t\t\t<\/div>\n\t\t<\/section>\n\t\t\t\t<section class=\"elementor-section elementor-top-section elementor-element elementor-element-14737f1 elementor-section-boxed elementor-section-height-default elementor-section-height-default\" data-id=\"14737f1\" data-element_type=\"section\">\n\t\t\t\t\t\t<div class=\"elementor-container elementor-column-gap-default\">\n\t\t\t\t\t<div class=\"elementor-column elementor-col-100 elementor-top-column elementor-element elementor-element-8ab9c1f\" data-id=\"8ab9c1f\" data-element_type=\"column\">\n\t\t\t<div class=\"elementor-widget-wrap\">\n\t\t\t\t\t\t\t<\/div>\n\t\t<\/div>\n\t\t\t\t\t<\/div>\n\t\t<\/section>\n\t\t\t\t<section class=\"elementor-section elementor-top-section elementor-element elementor-element-1811ffb elementor-section-boxed elementor-section-height-default elementor-section-height-default\" data-id=\"1811ffb\" data-element_type=\"section\">\n\t\t\t\t\t\t<div class=\"elementor-container elementor-column-gap-default\">\n\t\t\t\t\t<div class=\"elementor-column elementor-col-100 elementor-top-column elementor-element elementor-element-2b101de\" data-id=\"2b101de\" data-element_type=\"column\">\n\t\t\t<div class=\"elementor-widget-wrap elementor-element-populated\">\n\t\t\t\t\t\t<div class=\"elementor-element elementor-element-de17ae2 elementor-widget elementor-widget-spacer\" data-id=\"de17ae2\" data-element_type=\"widget\" data-widget_type=\"spacer.default\">\n\t\t\t\t<div class=\"elementor-widget-container\">\n\t\t\t\t\t\t\t<div class=\"elementor-spacer\">\n\t\t\t<div class=\"elementor-spacer-inner\"><\/div>\n\t\t<\/div>\n\t\t\t\t\t\t<\/div>\n\t\t\t\t<\/div>\n\t\t\t\t<div class=\"elementor-element elementor-element-4a8ba4a elementor-widget elementor-widget-heading\" data-id=\"4a8ba4a\" data-element_type=\"widget\" data-widget_type=\"heading.default\">\n\t\t\t\t<div class=\"elementor-widget-container\">\n\t\t\t\t\t<h2 class=\"elementor-heading-title elementor-size-default\">CARTA DE COOKIES<\/h2>\t\t\t\t<\/div>\n\t\t\t\t<\/div>\n\t\t\t\t<div class=\"elementor-element elementor-element-97cf377 elementor-widget elementor-widget-spacer\" data-id=\"97cf377\" data-element_type=\"widget\" data-widget_type=\"spacer.default\">\n\t\t\t\t<div class=\"elementor-widget-container\">\n\t\t\t\t\t\t\t<div class=\"elementor-spacer\">\n\t\t\t<div class=\"elementor-spacer-inner\"><\/div>\n\t\t<\/div>\n\t\t\t\t\t\t<\/div>\n\t\t\t\t<\/div>\n\t\t\t\t\t<\/div>\n\t\t<\/div>\n\t\t\t\t\t<\/div>\n\t\t<\/section>\n\t\t\t\t<section class=\"elementor-section elementor-top-section elementor-element elementor-element-8e08ed7 elementor-section-boxed elementor-section-height-default elementor-section-height-default\" data-id=\"8e08ed7\" data-element_type=\"section\">\n\t\t\t\t\t\t<div class=\"elementor-container elementor-column-gap-default\">\n\t\t\t\t\t<div class=\"elementor-column elementor-col-100 elementor-top-column elementor-element elementor-element-87b7d81\" data-id=\"87b7d81\" data-element_type=\"column\">\n\t\t\t<div class=\"elementor-widget-wrap elementor-element-populated\">\n\t\t\t\t\t\t<div class=\"elementor-element elementor-element-42d35c1 elementor-widget elementor-widget-text-editor\" data-id=\"42d35c1\" data-element_type=\"widget\" data-widget_type=\"text-editor.default\">\n\t\t\t\t<div class=\"elementor-widget-container\">\n\t\t\t\t\t\t\t\t\t<p>\u00daltima actualizaci\u00f3n: 16 de septiembre de 2023<\/p>\n<p><b>\u00bfQu\u00e9 es una galleta?<\/b><\/p>\n<p>Una cookie es un peque\u00f1o archivo de texto colocado y almacenado durante un tiempo limitado en su ordenador, tableta, smartphone o cualquier otro dispositivo que le permite navegar por el Sitio BEK LA BARRE.<\/p>\n<p>Las cookies permiten a BEK LA BARRE reconocerle, recordar cierta informaci\u00f3n sobre sus preferencias o su navegaci\u00f3n en nuestro Sitio y comprender c\u00f3mo utiliza nuestros servicios. Las cookies tambi\u00e9n nos permiten ofrecer publicidad personalizada.<\/p>\n<p><b>\u00a0<\/b><\/p>\n<p><b>\u00bfQui\u00e9n utiliza cookies?<\/b><\/p>\n<p>Las cookies son colocadas en su terminal por BEK LA BARRE o por terceros.<\/p>\n<p>\u00a0<\/p>\n<p><b>C\u00f3mo se utilizan las cookies en\u00a0<\/b><strong><span style=\"font-size: 14px; background-color: #ffffff;\">BEK LA BARRE\u00a0<\/span><\/strong><b>\u00a0?<\/b><\/p>\n<p><span style=\"background-color: #ffffff; font-size: 14px;\">BEK LA BARRE<\/span>\u00a0utiliza cuatro tipos de cookies:<\/p>\n<ul>\n<li>Cookies estrictamente imprescindibles para navegar por nuestra web o utilizar nuestra aplicaci\u00f3n. Borrarlas podr\u00eda provocar dificultades de navegaci\u00f3n en cualquiera de las dos plataformas.<\/li>\n<li>\u00a0<\/li>\n<li>Las cookies funcionales nos permiten saber cu\u00e1ndo vuelve al sitio y ofrecerle contenidos adaptados a sus preferencias.<\/li>\n<li>\u00a0<\/li>\n<li>Las cookies de rendimiento nos proporcionan datos estad\u00edsticos sobre las visitas y el uso de nuestros Servicios. Esta informaci\u00f3n nos permite comprender sus interacciones con nuestros Servicios y mejorarlos en consecuencia.<\/li>\n<\/ul>\n<ul>\n<li>Las cookies de marketing o de medici\u00f3n de audiencia nos permiten realizar un seguimiento de su navegaci\u00f3n en nuestras plataformas (p\u00e1ginas visitadas, enlaces pulsados) para poder ofrecerle anuncios que se ajusten a sus intereses.<\/li>\n<li>\u00a0<\/li>\n<\/ul>\n<p><b>\u00bfCu\u00e1nto tiempo conservamos sus cookies?<\/b><\/p>\n<p>Sus cookies son almacenadas por\u00a0<span style=\"font-size: 14px; background-color: #ffffff;\">BEK LA BARRE<\/span>\u00a0durante 12 meses y luego se destruye.<\/p>\n<p>\u00a0<\/p>\n<p><b>Gesti\u00f3n de cookies<\/b><\/p>\n<p>Puede desactivar las cookies en cualquier momento a trav\u00e9s de la ventana emergente de cookies o eliminarlas de la configuraci\u00f3n de su navegador.<\/p>\n<p>Tenga en cuenta que la eliminaci\u00f3n de cookies puede restringir el acceso a determinados servicios.<\/p>\n<p>La configuraci\u00f3n de las cookies var\u00eda seg\u00fan el navegador. Para obtener m\u00e1s informaci\u00f3n, haga clic aqu\u00ed:<\/p>\n<p>Para Chrome :\u00a0<a href=\"https:\/\/support.google.com\/chrome\/answer\/95647?hl=fr&amp;hlrm=en\" target=\"_blank\" rel=\"noopener\"><u>https:\/\/support.google.com\/chrome\/answer\/95647?hl=fr&amp;hlrm=en<\/u><\/a><\/p>\n<p>Para Internet Explorer :\u00a0<a href=\"https:\/\/support.microsoft.com\/fr-fr\/help\/17442\/windows-internet-explorer-delete-manage-cookies\" target=\"_blank\" rel=\"noopener\"><u>https:\/\/support.microsoft.com\/fr-fr\/help\/17442\/windows-internet-explorer-delete-manage-cookies<\/u><\/a><\/p>\n<p>Para Safari :\u00a0<a href=\"https:\/\/support.apple.com\/fr-fr\/guide\/safari\/sfri11471\/mac\" target=\"_blank\" rel=\"noopener\"><u>https:\/\/support.apple.com\/fr-fr\/guide\/safari\/sfri11471\/mac<\/u><\/a><\/p>\n<p>Para Firefox :\u00a0<a href=\"http:\/\/support.mozilla.org\/fr\/kb\/cookies-informations-sites-enregistrent?redirectlocale=fr&amp;redirectslug=G%C3%A9rer+les+cookies\" target=\"_blank\" rel=\"noopener\"><u>http:\/\/support.mozilla.org\/fr\/kb\/cookies-informations-sites-enregistrent?redirectlocale=fr&amp;redirectslug=G%C3%A9rer+les+cookies<\/u><\/a><\/p>\n<p>Para Opera :\u00a0<a href=\"http:\/\/help.opera.com\/Windows\/10.20\/fr\/cookies.html\" target=\"_blank\" rel=\"noopener\"><u>http:\/\/help.opera.com\/Windows\/10.20\/fr\/cookies.html<\/u><\/a><\/p>\n<p>Para m\u00e1s informaci\u00f3n sobre la publicidad basada en el comportamiento y la protecci\u00f3n de la intimidad en Internet, consulte :\u00a0<u><a href=\"http:\/\/www.youronlinechoices.com\/fr\/\" target=\"_blank\" rel=\"noopener\">http:\/\/www.youronlinechoices.com\/fr\/<\/a>\u00a0y\u00a0<a href=\"https:\/\/policies.google.com\/technologies\/partner-sites\" target=\"_blank\" rel=\"noopener\">https:\/\/policies.google.com\/technologies\/partner-sites<\/a><\/u><\/p>\t\t\t\t\t\t\t\t<\/div>\n\t\t\t\t<\/div>\n\t\t\t\t<div class=\"elementor-element elementor-element-2989292 elementor-widget elementor-widget-spacer\" data-id=\"2989292\" data-element_type=\"widget\" data-widget_type=\"spacer.default\">\n\t\t\t\t<div class=\"elementor-widget-container\">\n\t\t\t\t\t\t\t<div class=\"elementor-spacer\">\n\t\t\t<div class=\"elementor-spacer-inner\"><\/div>\n\t\t<\/div>\n\t\t\t\t\t\t<\/div>\n\t\t\t\t<\/div>\n\t\t\t\t\t<\/div>\n\t\t<\/div>\n\t\t\t\t\t<\/div>\n\t\t<\/section>\n\t\t\t\t<\/div>","protected":false},"excerpt":{"rendered":"<p>CHARTE DES COOKIES Derni\u00e8re mise \u00e0 jour le 16 Septembre 2023 Qu\u2019est-ce qu\u2019un cookie ? Un cookie est un petit [&hellip;]<\/p>","protected":false},"author":1,"featured_media":0,"parent":0,"menu_order":0,"comment_status":"closed","ping_status":"closed","template":"elementor_header_footer","meta":{"_uag_custom_page_level_css":"","site-sidebar-layout":"default","site-content-layout":"","ast-site-content-layout":"default","site-content-style":"default","site-sidebar-style":"default","ast-global-header-display":"","ast-banner-title-visibility":"","ast-main-header-display":"","ast-hfb-above-header-display":"","ast-hfb-below-header-display":"","ast-hfb-mobile-header-display":"","site-post-title":"","ast-breadcrumbs-content":"","ast-featured-img":"","footer-sml-layout":"","theme-transparent-header-meta":"","adv-header-id-meta":"","stick-header-meta":"","header-above-stick-meta":"","header-main-stick-meta":"","header-below-stick-meta":"","astra-migrate-meta-layouts":"default","ast-page-background-enabled":"default","ast-page-background-meta":{"desktop":{"background-color":"var(--ast-global-color-4)","background-image":"","background-repeat":"repeat","background-position":"center center","background-size":"auto","background-attachment":"scroll","background-type":"","background-media":"","overlay-type":"","overlay-color":"","overlay-opacity":"","overlay-gradient":""},"tablet":{"background-color":"","background-image":"","background-repeat":"repeat","background-position":"center center","background-size":"auto","background-attachment":"scroll","background-type":"","background-media":"","overlay-type":"","overlay-color":"","overlay-opacity":"","overlay-gradient":""},"mobile":{"background-color":"","background-image":"","background-repeat":"repeat","background-position":"center center","background-size":"auto","background-attachment":"scroll","background-type":"","background-media":"","overlay-type":"","overlay-color":"","overlay-opacity":"","overlay-gradient":""}},"ast-content-background-meta":{"desktop":{"background-color":"var(--ast-global-color-5)","background-image":"","background-repeat":"repeat","background-position":"center center","background-size":"auto","background-attachment":"scroll","background-type":"","background-media":"","overlay-type":"","overlay-color":"","overlay-opacity":"","overlay-gradient":""},"tablet":{"background-color":"var(--ast-global-color-5)","background-image":"","background-repeat":"repeat","background-position":"center center","background-size":"auto","background-attachment":"scroll","background-type":"","background-media":"","overlay-type":"","overlay-color":"","overlay-opacity":"","overlay-gradient":""},"mobile":{"background-color":"var(--ast-global-color-5)","background-image":"","background-repeat":"repeat","background-position":"center center","background-size":"auto","background-attachment":"scroll","background-type":"","background-media":"","overlay-type":"","overlay-color":"","overlay-opacity":"","overlay-gradient":""}},"footnotes":""},"class_list":["post-543","page","type-page","status-publish","hentry"],"yoast_head":"<!-- This site is optimized with the Yoast SEO plugin v26.2 - https:\/\/yoast.com\/wordpress\/plugins\/seo\/ -->\n<title>Charte des cookies -<\/title>\n<meta name=\"robots\" content=\"noindex, follow\" \/>\n<meta property=\"og:locale\" content=\"es_ES\" \/>\n<meta property=\"og:type\" content=\"article\" \/>\n<meta property=\"og:title\" content=\"Charte des cookies -\" \/>\n<meta property=\"og:description\" content=\"CHARTE DES COOKIES Derni\u00e8re mise \u00e0 jour le 16 Septembre 2023 Qu\u2019est-ce qu\u2019un cookie ? Un cookie est un petit [&hellip;]\" \/>\n<meta property=\"og:url\" content=\"https:\/\/beklabarre.com\/es\/charte-des-cookies\/\" \/>\n<meta property=\"article:publisher\" content=\"https:\/\/www.facebook.com\/beklabarre\/\" \/>\n<meta property=\"article:modified_time\" content=\"2023-09-16T16:23:02+00:00\" \/>\n<meta name=\"twitter:card\" content=\"summary_large_image\" \/>\n<meta name=\"twitter:label1\" content=\"Tiempo de lectura\" \/>\n\t<meta name=\"twitter:data1\" content=\"2 minutos\" \/>\n<script type=\"application\/ld+json\" class=\"yoast-schema-graph\">{\"@context\":\"https:\/\/schema.org\",\"@graph\":[{\"@type\":\"WebPage\",\"@id\":\"https:\/\/beklabarre.com\/charte-des-cookies\/\",\"url\":\"https:\/\/beklabarre.com\/charte-des-cookies\/\",\"name\":\"Charte des cookies -\",\"isPartOf\":{\"@id\":\"https:\/\/beklabarre.com\/#website\"},\"datePublished\":\"2023-09-16T16:16:56+00:00\",\"dateModified\":\"2023-09-16T16:23:02+00:00\",\"breadcrumb\":{\"@id\":\"https:\/\/beklabarre.com\/charte-des-cookies\/#breadcrumb\"},\"inLanguage\":\"es\",\"potentialAction\":[{\"@type\":\"ReadAction\",\"target\":[\"https:\/\/beklabarre.com\/charte-des-cookies\/\"]}]},{\"@type\":\"BreadcrumbList\",\"@id\":\"https:\/\/beklabarre.com\/charte-des-cookies\/#breadcrumb\",\"itemListElement\":[{\"@type\":\"ListItem\",\"position\":1,\"name\":\"Accueil\",\"item\":\"https:\/\/beklabarre.com\/\"},{\"@type\":\"ListItem\",\"position\":2,\"name\":\"Charte des cookies\"}]},{\"@type\":\"WebSite\",\"@id\":\"https:\/\/beklabarre.com\/#website\",\"url\":\"https:\/\/beklabarre.com\/\",\"name\":\"Bek La Barre\",\"description\":\"\",\"publisher\":{\"@id\":\"https:\/\/beklabarre.com\/#organization\"},\"potentialAction\":[{\"@type\":\"SearchAction\",\"target\":{\"@type\":\"EntryPoint\",\"urlTemplate\":\"https:\/\/beklabarre.com\/?s={search_term_string}\"},\"query-input\":{\"@type\":\"PropertyValueSpecification\",\"valueRequired\":true,\"valueName\":\"search_term_string\"}}],\"inLanguage\":\"es\"},{\"@type\":\"Organization\",\"@id\":\"https:\/\/beklabarre.com\/#organization\",\"name\":\"Bek La Barre\",\"url\":\"https:\/\/beklabarre.com\/\",\"logo\":{\"@type\":\"ImageObject\",\"inLanguage\":\"es\",\"@id\":\"https:\/\/beklabarre.com\/#\/schema\/logo\/image\/\",\"url\":\"https:\/\/beklabarre.com\/wp-content\/uploads\/2024\/10\/logo-bek-la-barre.svg\",\"contentUrl\":\"https:\/\/beklabarre.com\/wp-content\/uploads\/2024\/10\/logo-bek-la-barre.svg\",\"width\":60,\"height\":60,\"caption\":\"Bek La Barre\"},\"image\":{\"@id\":\"https:\/\/beklabarre.com\/#\/schema\/logo\/image\/\"},\"sameAs\":[\"https:\/\/www.facebook.com\/beklabarre\/\",\"https:\/\/www.instagram.com\/beklabarre\/\",\"https:\/\/www.youtube.com\/@beklabarre-streetworkoutre878\"]}]}<\/script>\n<!-- \/ Yoast SEO plugin. -->","yoast_head_json":{"title":"Charte des cookies -","robots":{"index":"noindex","follow":"follow"},"og_locale":"es_ES","og_type":"article","og_title":"Charte des cookies -","og_description":"CHARTE DES COOKIES Derni\u00e8re mise \u00e0 jour le 16 Septembre 2023 Qu\u2019est-ce qu\u2019un cookie ? Un cookie est un petit [&hellip;]","og_url":"https:\/\/beklabarre.com\/es\/charte-des-cookies\/","article_publisher":"https:\/\/www.facebook.com\/beklabarre\/","article_modified_time":"2023-09-16T16:23:02+00:00","twitter_card":"summary_large_image","twitter_misc":{"Tiempo de lectura":"2 minutos"},"schema":{"@context":"https:\/\/schema.org","@graph":[{"@type":"WebPage","@id":"https:\/\/beklabarre.com\/charte-des-cookies\/","url":"https:\/\/beklabarre.com\/charte-des-cookies\/","name":"Charte des cookies -","isPartOf":{"@id":"https:\/\/beklabarre.com\/#website"},"datePublished":"2023-09-16T16:16:56+00:00","dateModified":"2023-09-16T16:23:02+00:00","breadcrumb":{"@id":"https:\/\/beklabarre.com\/charte-des-cookies\/#breadcrumb"},"inLanguage":"es","potentialAction":[{"@type":"ReadAction","target":["https:\/\/beklabarre.com\/charte-des-cookies\/"]}]},{"@type":"BreadcrumbList","@id":"https:\/\/beklabarre.com\/charte-des-cookies\/#breadcrumb","itemListElement":[{"@type":"ListItem","position":1,"name":"Accueil","item":"https:\/\/beklabarre.com\/"},{"@type":"ListItem","position":2,"name":"Charte des cookies"}]},{"@type":"WebSite","@id":"https:\/\/beklabarre.com\/#website","url":"https:\/\/beklabarre.com\/","name":"Bek La Barre","description":"","publisher":{"@id":"https:\/\/beklabarre.com\/#organization"},"potentialAction":[{"@type":"SearchAction","target":{"@type":"EntryPoint","urlTemplate":"https:\/\/beklabarre.com\/?s={search_term_string}"},"query-input":{"@type":"PropertyValueSpecification","valueRequired":true,"valueName":"search_term_string"}}],"inLanguage":"es"},{"@type":"Organization","@id":"https:\/\/beklabarre.com\/#organization","name":"Bek La Barre","url":"https:\/\/beklabarre.com\/","logo":{"@type":"ImageObject","inLanguage":"es","@id":"https:\/\/beklabarre.com\/#\/schema\/logo\/image\/","url":"https:\/\/beklabarre.com\/wp-content\/uploads\/2024\/10\/logo-bek-la-barre.svg","contentUrl":"https:\/\/beklabarre.com\/wp-content\/uploads\/2024\/10\/logo-bek-la-barre.svg","width":60,"height":60,"caption":"Bek La Barre"},"image":{"@id":"https:\/\/beklabarre.com\/#\/schema\/logo\/image\/"},"sameAs":["https:\/\/www.facebook.com\/beklabarre\/","https:\/\/www.instagram.com\/beklabarre\/","https:\/\/www.youtube.com\/@beklabarre-streetworkoutre878"]}]}},"uagb_featured_image_src":{"full":false,"thumbnail":false,"medium":false,"medium_large":false,"large":false,"1536x1536":false,"2048x2048":false,"trp-custom-language-flag":false,"mailpoet_newsletter_max":false,"yarpp-thumbnail":false},"uagb_author_info":{"display_name":"K\u00e9vin Hamidona","author_link":"https:\/\/beklabarre.com\/es\/author\/admin\/"},"uagb_comment_info":0,"uagb_excerpt":"CHARTE DES COOKIES Derni\u00e8re mise \u00e0 jour le 16 Septembre 2023 Qu\u2019est-ce qu\u2019un cookie ? Un cookie est un petit [&hellip;]","_links":{"self":[{"href":"https:\/\/beklabarre.com\/es\/wp-json\/wp\/v2\/pages\/543","targetHints":{"allow":["GET"]}}],"collection":[{"href":"https:\/\/beklabarre.com\/es\/wp-json\/wp\/v2\/pages"}],"about":[{"href":"https:\/\/beklabarre.com\/es\/wp-json\/wp\/v2\/types\/page"}],"author":[{"embeddable":true,"href":"https:\/\/beklabarre.com\/es\/wp-json\/wp\/v2\/users\/1"}],"replies":[{"embeddable":true,"href":"https:\/\/beklabarre.com\/es\/wp-json\/wp\/v2\/comments?post=543"}],"version-history":[{"count":7,"href":"https:\/\/beklabarre.com\/es\/wp-json\/wp\/v2\/pages\/543\/revisions"}],"predecessor-version":[{"id":550,"href":"https:\/\/beklabarre.com\/es\/wp-json\/wp\/v2\/pages\/543\/revisions\/550"}],"wp:attachment":[{"href":"https:\/\/beklabarre.com\/es\/wp-json\/wp\/v2\/media?parent=543"}],"curies":[{"name":"wp","href":"https:\/\/api.w.org\/{rel}","templated":true}]}}